{"id":27,"date":"2023-11-22T21:47:49","date_gmt":"2023-11-22T20:47:49","guid":{"rendered":"https:\/\/rierrytube.pascal-mir.fr\/?page_id=27"},"modified":"2023-11-23T18:32:04","modified_gmt":"2023-11-23T17:32:04","slug":"contact-2","status":"publish","type":"page","link":"https:\/\/rierrytube.pascal-mir.fr\/index.php\/contact-2\/","title":{"rendered":"Contact"},"content":{"rendered":"\n<div style=\"height:156px\" aria-hidden=\"true\" class=\"wp-block-spacer\"><\/div>\n\n\n\n<div class=\"wp-block-group has-global-padding is-layout-constrained wp-block-group-is-layout-constrained\">\n<div class=\"wp-block-columns are-vertically-aligned-top is-layout-flex wp-container-core-columns-is-layout-d7d455e7 wp-block-columns-is-layout-flex\" style=\"padding-top:0;padding-right:0;padding-bottom:0;padding-left:0\">\n<div class=\"wp-block-column is-vertically-aligned-top is-layout-flow wp-block-column-is-layout-flow\" style=\"padding-right:7%;flex-basis:80%\">\n<p class=\"has-text-color\" style=\"color:#0bb4aa\">Let&rsquo;s Connect!<\/p>\n\n\n\n<h2 class=\"wp-block-heading has-large-font-size\">Pr\u00eat pour votre prochain projet?<\/h2>\n\n\n\n<p>Transformez votre vision en r\u00e9alit\u00e9 visuelle exceptionnelle avec Rierry TUBE &#8211; Expert en vid\u00e9os promotionnelles, photographies de paysages et pilotage de drone. Chaque image raconte une histoire unique, la v\u00f4tre.<br><\/p>\n<\/div>\n\n\n\n<div class=\"wp-block-column is-layout-flow wp-block-column-is-layout-flow\" style=\"flex-basis:50%\"><\/div>\n<\/div>\n\n\n\n<div style=\"height:135px\" aria-hidden=\"true\" class=\"wp-block-spacer\"><\/div>\n<\/div>\n\n\n\n<div class=\"wp-block-group alignfull has-global-padding is-layout-constrained wp-container-core-group-is-layout-19e250f3 wp-block-group-is-layout-constrained\">\n<div class=\"wp-block-columns alignfull are-vertically-aligned-center has-light-background-background-color has-background is-layout-flex wp-container-core-columns-is-layout-dd282781 wp-block-columns-is-layout-flex\" style=\"padding-top:0;padding-right:0;padding-bottom:0;padding-left:0\">\n<div class=\"wp-block-column is-vertically-aligned-center map-grayscale is-layout-flow wp-block-column-is-layout-flow\" style=\"flex-basis:50%\">\n<figure class=\"wp-block-image size-large\"><img decoding=\"async\" src=\"https:\/\/rierrytube.pascal-mir.fr\/wp-content\/themes\/inspiro\/assets\/images\/map2.png\" alt=\"\" class=\"wp-image-7500\"\/><\/figure>\n<\/div>\n\n\n\n<div class=\"wp-block-column is-vertically-aligned-center is-layout-flow wp-block-column-is-layout-flow\" style=\"padding-top:var(--wp--preset--spacing--small);padding-right:var(--wp--preset--spacing--small);padding-bottom:var(--wp--preset--spacing--small);padding-left:2%;flex-basis:50%\">\n<h3 class=\"wp-block-heading has-large-font-size\">Inspiro<\/h3>\n\n\n\n<p><\/p>\n\n\n\n<h3 class=\"wp-block-heading\"><strong>Address<\/strong><\/h3>\n\n\n\n<p>1500 Broadway, New York, NY 10036, United States<\/p>\n\n\n\n<h3 class=\"wp-block-heading\"><strong>Email<\/strong><\/h3>\n\n\n\n<p>office@example.com<\/p>\n\n\n\n<h3 class=\"wp-block-heading\"><strong>Phone<\/strong><\/h3>\n\n\n\n<p>509-394-2555<\/p>\n<\/div>\n<\/div>\n<\/div>\n\n\n\n<div class=\"wp-block-group alignfull has-background has-global-padding is-layout-constrained wp-block-group-is-layout-constrained\" style=\"background-color:#f9f9f9\">\n<div class=\"wp-block-group is-layout-flow wp-block-group-is-layout-flow\">\n<div style=\"height:69px\" aria-hidden=\"true\" class=\"wp-block-spacer\"><\/div>\n\n\n\n<div class=\"wp-block-columns is-layout-flex wp-container-core-columns-is-layout-28f84493 wp-block-columns-is-layout-flex\">\n<div class=\"wp-block-column is-layout-flow wp-block-column-is-layout-flow\">\n<p class=\"has-text-align-left has-text-color\" style=\"color:#0bb4aa\">WHERE ARE WE LOCATED<\/p>\n\n\n\n<h2 class=\"wp-block-heading has-text-align-left has-large-font-size\">Our Locations<\/h2>\n\n\n\n<div class=\"wp-block-columns is-layout-flex wp-container-core-columns-is-layout-28f84493 wp-block-columns-is-layout-flex\">\n<div class=\"wp-block-column is-layout-flow wp-block-column-is-layout-flow\">\n<p style=\"line-height:2.5\">Amsterdam<br>Munich<br>Brussels<br>Hong Kong<br>Barcelona<\/p>\n<\/div>\n\n\n\n<div class=\"wp-block-column is-layout-flow wp-block-column-is-layout-flow\">\n<p style=\"line-height:2.5\">New York<br>Paris<br>San Francisco<br>Sydney<br>Tokyo<\/p>\n<\/div>\n<\/div>\n<\/div>\n\n\n\n<div class=\"wp-block-column is-layout-flow wp-block-column-is-layout-flow\">\n<figure class=\"wp-block-image size-large\"><img decoding=\"async\" src=\"https:\/\/rierrytube.pascal-mir.fr\/wp-content\/themes\/inspiro\/assets\/images\/map.png\" alt=\"\" class=\"wp-image-5640\"\/><\/figure>\n<\/div>\n<\/div>\n\n\n\n<div style=\"height:172px\" aria-hidden=\"true\" class=\"wp-block-spacer\"><\/div>\n<\/div>\n<\/div>\n\n\n\n<figure class=\"wp-block-gallery has-nested-images columns-default is-cropped wp-block-gallery-1 is-layout-flex wp-block-gallery-is-layout-flex\">\n<figure class=\"wp-block-image size-large\"><img loading=\"lazy\" decoding=\"async\" width=\"1024\" height=\"768\" data-id=\"73\" src=\"https:\/\/rierrytube.pascal-mir.fr\/wp-content\/uploads\/2023\/11\/tiny-castillet-noel-signed-1024x768.jpg\" alt=\"\" class=\"wp-image-73\" srcset=\"https:\/\/rierrytube.pascal-mir.fr\/wp-content\/uploads\/2023\/11\/tiny-castillet-noel-signed-1024x768.jpg 1024w, https:\/\/rierrytube.pascal-mir.fr\/wp-content\/uploads\/2023\/11\/tiny-castillet-noel-signed-300x225.jpg 300w, https:\/\/rierrytube.pascal-mir.fr\/wp-content\/uploads\/2023\/11\/tiny-castillet-noel-signed-2000x1500.jpg 2000w\" sizes=\"auto, (max-width: 1024px) 100vw, 1024px\" \/><\/figure>\n\n\n\n<figure class=\"wp-block-image size-large\"><img loading=\"lazy\" decoding=\"async\" width=\"1024\" height=\"682\" data-id=\"85\" src=\"https:\/\/rierrytube.pascal-mir.fr\/wp-content\/uploads\/2023\/11\/space-village-barca-signed-1024x682.jpg\" alt=\"\" class=\"wp-image-85\" srcset=\"https:\/\/rierrytube.pascal-mir.fr\/wp-content\/uploads\/2023\/11\/space-village-barca-signed-1024x682.jpg 1024w, https:\/\/rierrytube.pascal-mir.fr\/wp-content\/uploads\/2023\/11\/space-village-barca-signed-300x200.jpg 300w, https:\/\/rierrytube.pascal-mir.fr\/wp-content\/uploads\/2023\/11\/space-village-barca-signed-2000x1333.jpg 2000w, https:\/\/rierrytube.pascal-mir.fr\/wp-content\/uploads\/2023\/11\/space-village-barca-signed-600x400.jpg 600w, https:\/\/rierrytube.pascal-mir.fr\/wp-content\/uploads\/2023\/11\/space-village-barca-signed-1200x800.jpg 1200w\" sizes=\"auto, (max-width: 1024px) 100vw, 1024px\" \/><\/figure>\n\n\n\n<figure class=\"wp-block-image size-large\"><img loading=\"lazy\" decoding=\"async\" width=\"1024\" height=\"768\" data-id=\"69\" src=\"https:\/\/rierrytube.pascal-mir.fr\/wp-content\/uploads\/2023\/11\/roue-signed-1024x768.jpg\" alt=\"\" class=\"wp-image-69\" srcset=\"https:\/\/rierrytube.pascal-mir.fr\/wp-content\/uploads\/2023\/11\/roue-signed-1024x768.jpg 1024w, https:\/\/rierrytube.pascal-mir.fr\/wp-content\/uploads\/2023\/11\/roue-signed-300x225.jpg 300w, https:\/\/rierrytube.pascal-mir.fr\/wp-content\/uploads\/2023\/11\/roue-signed-2000x1500.jpg 2000w\" sizes=\"auto, (max-width: 1024px) 100vw, 1024px\" \/><\/figure>\n\n\n\n<figure class=\"wp-block-image size-large\"><img loading=\"lazy\" decoding=\"async\" width=\"1024\" height=\"768\" data-id=\"68\" src=\"https:\/\/rierrytube.pascal-mir.fr\/wp-content\/uploads\/2023\/11\/roue-castillet-signed-1024x768.jpg\" alt=\"\" class=\"wp-image-68\" srcset=\"https:\/\/rierrytube.pascal-mir.fr\/wp-content\/uploads\/2023\/11\/roue-castillet-signed-1024x768.jpg 1024w, https:\/\/rierrytube.pascal-mir.fr\/wp-content\/uploads\/2023\/11\/roue-castillet-signed-300x225.jpg 300w, https:\/\/rierrytube.pascal-mir.fr\/wp-content\/uploads\/2023\/11\/roue-castillet-signed-2000x1500.jpg 2000w\" sizes=\"auto, (max-width: 1024px) 100vw, 1024px\" \/><\/figure>\n\n\n\n<figure class=\"wp-block-image size-large\"><img loading=\"lazy\" decoding=\"async\" width=\"1024\" height=\"683\" data-id=\"59\" src=\"https:\/\/rierrytube.pascal-mir.fr\/wp-content\/uploads\/2023\/11\/feu-dartifice-barcares-1024x683.jpg\" alt=\"\" class=\"wp-image-59\" srcset=\"https:\/\/rierrytube.pascal-mir.fr\/wp-content\/uploads\/2023\/11\/feu-dartifice-barcares-1024x683.jpg 1024w, https:\/\/rierrytube.pascal-mir.fr\/wp-content\/uploads\/2023\/11\/feu-dartifice-barcares-300x200.jpg 300w, https:\/\/rierrytube.pascal-mir.fr\/wp-content\/uploads\/2023\/11\/feu-dartifice-barcares-2000x1333.jpg 2000w, https:\/\/rierrytube.pascal-mir.fr\/wp-content\/uploads\/2023\/11\/feu-dartifice-barcares-600x400.jpg 600w, https:\/\/rierrytube.pascal-mir.fr\/wp-content\/uploads\/2023\/11\/feu-dartifice-barcares-1200x800.jpg 1200w\" sizes=\"auto, (max-width: 1024px) 100vw, 1024px\" \/><\/figure>\n<\/figure>\n","protected":false},"excerpt":{"rendered":"<p>Let&rsquo;s Connect! Pr\u00eat pour votre prochain projet? Transformez votre vision en r\u00e9alit\u00e9 visuelle exceptionnelle avec Rierry TUBE &#8211; Expert en vid\u00e9os promotionnelles, photographies de paysages et pilotage de drone. Chaque image raconte une histoire unique, la v\u00f4tre. Inspiro Address 1500 Broadway, New York, NY 10036, United States Email office@example.com Phone 509-394-2555 WHERE ARE WE LOCATED &hellip; <\/p>\n<p class=\"link-more\"><a href=\"https:\/\/rierrytube.pascal-mir.fr\/index.php\/contact-2\/\" class=\"more-link\">Lire la suite de<span class=\"screen-reader-text\">\u00ab\u00a0Contact\u00a0\u00bb<\/span><\/a><\/p>\n","protected":false},"author":2,"featured_media":65,"parent":0,"menu_order":0,"comment_status":"closed","ping_status":"closed","template":"","meta":{"footnotes":""},"class_list":["post-27","page","type-page","status-publish","has-post-thumbnail","hentry"],"featured_media_urls":{"thumbnail":["https:\/\/rierrytube.pascal-mir.fr\/wp-content\/uploads\/2023\/11\/Milky-way-montauriol-signed-2-150x150.jpg",150,150,true],"medium":["https:\/\/rierrytube.pascal-mir.fr\/wp-content\/uploads\/2023\/11\/Milky-way-montauriol-signed-2-300x225.jpg",300,225,true],"medium_large":["https:\/\/rierrytube.pascal-mir.fr\/wp-content\/uploads\/2023\/11\/Milky-way-montauriol-signed-2-768x576.jpg",768,576,true],"large":["https:\/\/rierrytube.pascal-mir.fr\/wp-content\/uploads\/2023\/11\/Milky-way-montauriol-signed-2-1024x768.jpg",950,713,true],"1536x1536":["https:\/\/rierrytube.pascal-mir.fr\/wp-content\/uploads\/2023\/11\/Milky-way-montauriol-signed-2-1536x1152.jpg",1536,1152,true],"2048x2048":["https:\/\/rierrytube.pascal-mir.fr\/wp-content\/uploads\/2023\/11\/Milky-way-montauriol-signed-2-2048x1536.jpg",2048,1536,true],"inspiro-featured-image":["https:\/\/rierrytube.pascal-mir.fr\/wp-content\/uploads\/2023\/11\/Milky-way-montauriol-signed-2-2000x1500.jpg",2000,1500,true],"inspiro-loop":["https:\/\/rierrytube.pascal-mir.fr\/wp-content\/uploads\/2023\/11\/Milky-way-montauriol-signed-2-950x320.jpg",950,320,true],"inspiro-loop@2x":["https:\/\/rierrytube.pascal-mir.fr\/wp-content\/uploads\/2023\/11\/Milky-way-montauriol-signed-2-1900x640.jpg",1900,640,true],"portfolio_item-thumbnail":["https:\/\/rierrytube.pascal-mir.fr\/wp-content\/uploads\/2023\/11\/Milky-way-montauriol-signed-2-600x400.jpg",600,400,true],"portfolio_item-thumbnail@2x":["https:\/\/rierrytube.pascal-mir.fr\/wp-content\/uploads\/2023\/11\/Milky-way-montauriol-signed-2-1200x800.jpg",1200,800,true],"portfolio_item-masonry":["https:\/\/rierrytube.pascal-mir.fr\/wp-content\/uploads\/2023\/11\/Milky-way-montauriol-signed-2-600x450.jpg",600,450,true],"portfolio_item-masonry@2x":["https:\/\/rierrytube.pascal-mir.fr\/wp-content\/uploads\/2023\/11\/Milky-way-montauriol-signed-2-1200x900.jpg",1200,900,true],"portfolio_item-thumbnail_cinema":["https:\/\/rierrytube.pascal-mir.fr\/wp-content\/uploads\/2023\/11\/Milky-way-montauriol-signed-2-800x335.jpg",800,335,true],"portfolio_item-thumbnail_portrait":["https:\/\/rierrytube.pascal-mir.fr\/wp-content\/uploads\/2023\/11\/Milky-way-montauriol-signed-2-600x900.jpg",600,900,true],"portfolio_item-thumbnail_portrait@2x":["https:\/\/rierrytube.pascal-mir.fr\/wp-content\/uploads\/2023\/11\/Milky-way-montauriol-signed-2-1200x1800.jpg",1200,1800,true],"portfolio_item-thumbnail_square":["https:\/\/rierrytube.pascal-mir.fr\/wp-content\/uploads\/2023\/11\/Milky-way-montauriol-signed-2-800x800.jpg",800,800,true]},"_links":{"self":[{"href":"https:\/\/rierrytube.pascal-mir.fr\/index.php\/wp-json\/wp\/v2\/pages\/27","targetHints":{"allow":["GET"]}}],"collection":[{"href":"https:\/\/rierrytube.pascal-mir.fr\/index.php\/wp-json\/wp\/v2\/pages"}],"about":[{"href":"https:\/\/rierrytube.pascal-mir.fr\/index.php\/wp-json\/wp\/v2\/types\/page"}],"author":[{"embeddable":true,"href":"https:\/\/rierrytube.pascal-mir.fr\/index.php\/wp-json\/wp\/v2\/users\/2"}],"replies":[{"embeddable":true,"href":"https:\/\/rierrytube.pascal-mir.fr\/index.php\/wp-json\/wp\/v2\/comments?post=27"}],"version-history":[{"count":4,"href":"https:\/\/rierrytube.pascal-mir.fr\/index.php\/wp-json\/wp\/v2\/pages\/27\/revisions"}],"predecessor-version":[{"id":111,"href":"https:\/\/rierrytube.pascal-mir.fr\/index.php\/wp-json\/wp\/v2\/pages\/27\/revisions\/111"}],"wp:featuredmedia":[{"embeddable":true,"href":"https:\/\/rierrytube.pascal-mir.fr\/index.php\/wp-json\/wp\/v2\/media\/65"}],"wp:attachment":[{"href":"https:\/\/rierrytube.pascal-mir.fr\/index.php\/wp-json\/wp\/v2\/media?parent=27"}],"curies":[{"name":"wp","href":"https:\/\/api.w.org\/{rel}","templated":true}]}}